{"id":70,"date":"2023-04-18T15:03:20","date_gmt":"2023-04-18T13:03:20","guid":{"rendered":"https:\/\/www-2022.ambienteterritorio.ing.uniroma2.it\/?page_id=70"},"modified":"2025-06-09T19:29:21","modified_gmt":"2025-06-09T17:29:21","slug":"piano-di-studio","status":"publish","type":"page","link":"https:\/\/ambienteterritorio.ing.uniroma2.it\/?page_id=70","title":{"rendered":"Piano di studi"},"content":{"rendered":"\n<p>Il Corso di Laurea Magistrale in Ingegneria per l\u2019Ambiente e il Territorio comprende unit\u00e0 didattiche ed altre attivit\u00e0 formative per un totale di 120 crediti.<br>Il corso di Laurea Magistrale in Ingegneria per l&#8217;Ambiente e il Territorio \u00e8 strutturato in base a un percorso comune a tutti gli studenti, da conseguire sostenendo positivamente le prove di esame relative agli insegnamenti obbligatori, e a un percorso differenziato in base al curriculum scelto: italiano o inglese. Ciascun curriculum \u00e8 caratterizzato da alcuni insegnamenti obbligatori e altri a scelta tra un elenco di proposte. Inoltre, sono previsti 18 crediti (CFU) a libera scelta, attraverso i quali lo studente pu\u00f2 completare la propria formazione con insegnamenti congruenti con le finalit\u00e0 e gli obiettivi del corso di laurea magistrale. Gli ulteriori 12 CFU sono da conseguire attraverso ulteriori attivit\u00e0 formative e professionalizzanti (3 CFU) e la prova finale (9 CFU) per il conseguimento del titolo di laurea magistrale.<\/p>\n\n\n\n<p>Il piano di studi ufficiale per l&#8217;anno accademico 2025-2026 (vedere pagina della <a href=\"http:\/\/uniroma2public.gomp.it\/PublicData?mode=course&amp;iso=ita&amp;uid=5e680dbb-8336-4e26-998d-78bbb0d35124\" target=\"_blank\" rel=\"noreferrer noopener\">Didattica Programmata<\/a>), per la\u00a0<strong>parte comune ai due indirizzi<\/strong>\u00a0si compone dei seguenti CFU\u00a0<strong>obbligatori<\/strong>:<\/p>\n\n\n\n<figure class=\"wp-block-table is-style-stripes\"><table><tbody><tr><td><strong>INSEGNAMENTI OBBLIGATORI COMUNI<\/strong><\/td><td><strong>ANNO<\/strong><\/td><td><strong>SEMESTRE<\/strong><\/td><td><strong>CREDITI<\/strong><\/td><\/tr><tr><td>Costruzioni Idrauliche<\/td><td>1<\/td><td>2<\/td><td>9<\/td><\/tr><tr><td>Dinamica degli Inquinanti<\/td><td>1<\/td><td>1<\/td><td>9<\/td><\/tr><tr><td>Geodati e Rischi Idroclimatici<\/td><td>1<\/td><td>1<\/td><td>6<\/td><\/tr><tr><td>Geologia Applicata<\/td><td>1<\/td><td>1<\/td><td>6<\/td><\/tr><tr><td>Geotecnica per la Difesa del Territorio<\/td><td>1<\/td><td>2<\/td><td>9<\/td><\/tr><tr><td>Impianti Trattamento Rifiuti\u00a0<sup>(a)<\/sup><\/td><td>2<\/td><td>1<\/td><td>9<\/td><\/tr><tr><td><strong>Attivit\u00e0 formative (AFF)<\/strong><\/td><td><strong>2<\/strong><\/td><td>&nbsp;<\/td><td><strong>3<\/strong><\/td><\/tr><tr><td><strong>Prova finale<\/strong><\/td><td><strong>2<\/strong><\/td><td>&nbsp;<\/td><td><strong>9<\/strong><\/td><\/tr><\/tbody><\/table><\/figure>\n\n\n\n<p>Per quanto riguarda i due indirizzi, di cui lo studente deve effettuare la scelta su uno dei due proposti, il piano di studi ufficiale \u00e8 il seguente:<br><br><strong><u>Indirizzo in Italiano<\/u><\/strong><br>&nbsp;<\/p>\n\n\n\n<figure class=\"wp-block-table is-style-stripes\"><table><tbody><tr><td><strong>INSEGNAMENTI<\/strong><\/td><td><strong>ANNO<\/strong><\/td><td><strong>SEMESTRE<\/strong><\/td><td><strong>CREDITI<\/strong><\/td><\/tr><tr><td>Impianti Trattamento Acque<\/td><td>2<\/td><td>2<\/td><td>9<\/td><\/tr><tr><td>Progetti di Ingegneria Sanitaria Ambientale<sup>(a)<\/sup><\/td><td>2<\/td><td>2<\/td><td>6<\/td><\/tr><tr><td>Insegnamenti a scelta tra quelli presenti in elenco<sup>(1)<\/sup><\/td><td>&nbsp;<\/td><td>&nbsp;<\/td><td>27<\/td><\/tr><tr><td>Insegnamenti a scelta dello studente*<\/td><td><\/td><td>&nbsp;<\/td><td>18<\/td><\/tr><\/tbody><\/table><figcaption class=\"wp-element-caption\"><sup>(a)<\/sup>verbalizzato come unico esame Impianti trattamento rifiuti + Progetti di Ingegneria Sanitaria Ambientale<\/figcaption><\/figure>\n\n\n\n<p><\/p>\n\n\n\n<p>Elenco degli insegnamenti dell\u2019indirizzo in Italiano a scelta<sup>(1)<\/sup>:<\/p>\n\n\n\n<figure class=\"wp-block-table is-style-stripes\"><table><tbody><tr><td><sup>(1)<\/sup><strong> <\/strong><strong>INSEGNAMENTI INDIRIZZO ITALIANO<\/strong><\/td><td><strong>ANNO<\/strong><\/td><td><strong>SEMESTRE<\/strong><\/td><td><strong>CREDITI<\/strong><\/td><\/tr><tr><td>Inquinamento Elettromagnetico<\/td><td>2<\/td><td>1<\/td><td>9<\/td><\/tr><tr><td>Ingegneria Costiera<\/td><td>2<\/td><td>2<\/td><td>6<\/td><\/tr><tr><td>Teoria e Tecnica della Circolazione<\/td><td>1<\/td><td>1<\/td><td>6<\/td><\/tr><tr><td>Interazione tra le Macchine e l\u2019Ambiente<\/td><td>2<\/td><td>1<\/td><td>6<\/td><\/tr><tr><td>Frane e Stabilit\u00e0 dei Pendii<\/td><td>2<\/td><td>2<\/td><td>6<\/td><\/tr><tr><td>Fonti Rinnovabili di Energia<\/td><td>2<\/td><td>2<\/td><td>6<\/td><\/tr><tr><td>Remote Sensing and Cartography<\/td><td>1<\/td><td>2<\/td><td>9<\/td><\/tr><tr><td>Environmental Applications for Pumps and Compressors<\/td><td>2<\/td><td>1<\/td><td>6<\/td><\/tr><tr><td>Water Supply and Sustainability<\/td><td>2<\/td><td>1<\/td><td>9<\/td><\/tr><tr><td>Remediation of Contaminated Sites<\/td><td>2<\/td><td>2<\/td><td>6<\/td><\/tr><\/tbody><\/table><\/figure>\n\n\n\n<p><br><strong><u>Indirizzo in Inglese<\/u><\/strong><\/p>\n\n\n\n<figure class=\"wp-block-table is-style-stripes\"><table><tbody><tr><td><strong>INSEGNAMENTI<\/strong><\/td><td><strong>ANNO<\/strong><\/td><td><strong>SEMESTRE<\/strong><\/td><td><strong>CREDITI<\/strong><\/td><\/tr><tr><td>Remote Sensing and Cartography<\/td><td>1<\/td><td>2<\/td><td>9<\/td><\/tr><tr><td>Environmental Applications for Pumps and Compressors<\/td><td>2<\/td><td>1<\/td><td>6<\/td><\/tr><tr><td>Water Supply and Sustainability<sup>(b)<\/sup><\/td><td>2<\/td><td>1<\/td><td>9<\/td><\/tr><tr><td>Remediation of Contaminated Sites<sup>(b)<\/sup><\/td><td>2<\/td><td>2<\/td><td>6<\/td><\/tr><tr><td>Insegnamenti a scelta tra quelli presenti in elenco<sup>(2)<\/sup><\/td><td><\/td><td><\/td><td>12<\/td><\/tr><tr><td>Insegnamenti a scelta dello studente*<\/td><td><\/td><td>&nbsp;<\/td><td>18<\/td><\/tr><\/tbody><\/table><figcaption class=\"wp-element-caption\"><sup>(b)<\/sup>verbalizzato come unico esame Water Supply and Sustainability + Remediation of contaminated sites<\/figcaption><\/figure>\n\n\n\n<p><\/p>\n\n\n\n<p>Elenco degli insegnamenti dell\u2019indirizzo in Inglese a scelta<sup>(2)<\/sup>:<\/p>\n\n\n\n<figure class=\"wp-block-table is-style-stripes\"><table><tbody><tr><td><sup>(2)<\/sup><strong> <\/strong><strong>INSEGNAMENTI<\/strong><\/td><td><strong>ANNO<\/strong><\/td><td><strong>SEMESTRE<\/strong><\/td><td><strong>CREDITI<\/strong><\/td><\/tr><tr><td>Environmental Measurements<\/td><td>2<\/td><td>1<\/td><td>6<\/td><\/tr><tr><td>Environmental Geotechnics<\/td><td><br>2<\/td><td><br>2<\/td><td><br>6<\/td><\/tr><tr><td>Coastal Engineering<\/td><td>2<\/td><td>2<\/td><td>6<\/td><\/tr><tr><td>Impianti Trattamento Acque<\/td><td>2<\/td><td>2<\/td><td>6<\/td><\/tr><tr><td>Progetti di Ingegneria Sanitaria Ambientale<\/td><td>2<\/td><td>2<\/td><td>6<\/td><\/tr><\/tbody><\/table><\/figure>\n\n\n\n<p><br>Sia per l\u2019indirizzo in Italiano sia per l\u2019indirizzo in inglese si consigliano tra gli insegnamenti a scelta dello studente i crediti riguardanti gli insegnamenti di indirizzo a scelta non sostenuti dallo studente, gli insegnamenti a scelta previsti nell\u2019altro indirizzo, gli insegnamenti nel seguente elenco<sup>(3)<\/sup>, che comprendono quelli del \u201cpacchetto dello sviluppo sostenibile\u201d(**) proposto a livello d\u2019Ateneo.<br>&nbsp;<\/p>\n\n\n\n<figure class=\"wp-block-table is-style-stripes\"><table><tbody><tr><td><sup>(3)<\/sup><strong> INSEGNAMENTI<\/strong> <strong>A SCELTA<\/strong> <strong>LIBERA<\/strong><\/td><td><strong>ANNO<\/strong><\/td><td><strong>SEMESTRE<\/strong><\/td><td><strong>CREDITI<\/strong><\/td><\/tr><tr><td>Introduzione agli Obiettivi per lo Sviluppo Sostenibile **<\/td><td>2<\/td><td>1<\/td><td>3<\/td><\/tr><tr><td>Etica dello Sviluppo Sostenibile**<\/td><td><br>1<\/td><td><br>1<\/td><td><br>3<\/td><\/tr><tr><td>Methods for Environmental Sustainability Assessment **<\/td><td>1<\/td><td>2<\/td><td>3<\/td><\/tr><tr><td>Centrali termoelettriche<\/td><td>1<\/td><td>2<\/td><td>9<\/td><\/tr><tr><td>Sistemi e Componenti per la Conversione dell&#8217;Energia da Fonti Rinnovabili<\/td><td><br>2<\/td><td><br>2<\/td><td><br>6<\/td><\/tr><tr><td>Environmental Quality Engineering<\/td><td>1<\/td><td>1<\/td><td>6<\/td><\/tr><tr><td>Materiali Sostenibili e Biotecnologici per l&#8217;Energia<\/td><td>2<\/td><td>2<\/td><td>6<\/td><\/tr><\/tbody><\/table><\/figure>\n\n\n\n<p>I docenti di ogni Insegnamento sono elencati nella pagina della <a href=\"http:\/\/uniroma2public.gomp.it\/PublicData?mode=classRoom&amp;iso=ita&amp;uid=35ef446a-9846-4704-b56b-3e991d5db04b\" target=\"_blank\" rel=\"noreferrer noopener\">Didattica Erogata<\/a><\/p>\n\n\n\n<p>I piani di studio relativi ad anni accademici precedenti possono essere consultati nelle seguenti pagine:<\/p>\n\n\n\n<div class=\"wp-block-buttons is-layout-flex wp-block-buttons-is-layout-flex\">\n<div class=\"wp-block-button\"><a class=\"wp-block-button__link wp-element-button\" href=\"https:\/\/uniroma2public.gomp.it\/PublicData?uid=fdbe71e1-ed34-4537-b826-8d191785bde7&amp;mode=course&amp;iso=ita&amp;academicYear=2024\" target=\"_blank\" rel=\"noreferrer noopener\">Didattica Programmata 24-25<\/a><\/div>\n\n\n\n<div class=\"wp-block-button\"><a class=\"wp-block-button__link wp-element-button\" href=\"https:\/\/uniroma2public.gomp.it\/PublicData?uid=a97791fc-db8d-4368-8634-279f411d3f17&amp;mode=classRoom&amp;iso=ita&amp;academicYear=2024\" target=\"_blank\" rel=\"noreferrer noopener\">Didattica Erogata 24-25<\/a><\/div>\n<\/div>\n\n\n\n<div class=\"wp-block-buttons is-layout-flex wp-block-buttons-is-layout-flex\">\n<div class=\"wp-block-button\"><a class=\"wp-block-button__link wp-element-button\" href=\"https:\/\/uniroma2public.gomp.it\/PublicData?uid=e58f3329-51bd-41fe-9d2c-9e013b4b386c&amp;mode=course&amp;iso=ita&amp;academicYear=2023\" target=\"_blank\" rel=\"noreferrer noopener\">Didattica Programmata 23-24<\/a><\/div>\n\n\n\n<div class=\"wp-block-button\"><a class=\"wp-block-button__link wp-element-button\" href=\"https:\/\/uniroma2public.gomp.it\/PublicData?uid=869de3df-ce0f-45a9-ab9c-2d34c0f0b583&amp;mode=classRoom&amp;iso=ita&amp;academicYear=2023\" target=\"_blank\" rel=\"noreferrer noopener\">Didattica Erogata 23-24<\/a><\/div>\n<\/div>\n\n\n\n<p><\/p>\n\n\n\n<p><\/p>\n","protected":false},"excerpt":{"rendered":"<p>Il Corso di Laurea Magistrale in Ingegneria per l\u2019Ambiente e il Territorio comprende unit\u00e0 didattiche ed altre attivit\u00e0 formative per un totale di 120 crediti.Il corso di Laurea Magistrale in Ingegneria per l&#8217;Ambiente e il Territorio \u00e8 strutturato in base<\/p>\n","protected":false},"author":2,"featured_media":0,"parent":0,"menu_order":0,"comment_status":"closed","ping_status":"closed","template":"","meta":{"footnotes":""},"class_list":["post-70","page","type-page","status-publish","hentry"],"_links":{"self":[{"href":"https:\/\/ambienteterritorio.ing.uniroma2.it\/index.php?rest_route=\/wp\/v2\/pages\/70","targetHints":{"allow":["GET"]}}],"collection":[{"href":"https:\/\/ambienteterritorio.ing.uniroma2.it\/index.php?rest_route=\/wp\/v2\/pages"}],"about":[{"href":"https:\/\/ambienteterritorio.ing.uniroma2.it\/index.php?rest_route=\/wp\/v2\/types\/page"}],"author":[{"embeddable":true,"href":"https:\/\/ambienteterritorio.ing.uniroma2.it\/index.php?rest_route=\/wp\/v2\/users\/2"}],"replies":[{"embeddable":true,"href":"https:\/\/ambienteterritorio.ing.uniroma2.it\/index.php?rest_route=%2Fwp%2Fv2%2Fcomments&post=70"}],"version-history":[{"count":18,"href":"https:\/\/ambienteterritorio.ing.uniroma2.it\/index.php?rest_route=\/wp\/v2\/pages\/70\/revisions"}],"predecessor-version":[{"id":477,"href":"https:\/\/ambienteterritorio.ing.uniroma2.it\/index.php?rest_route=\/wp\/v2\/pages\/70\/revisions\/477"}],"wp:attachment":[{"href":"https:\/\/ambienteterritorio.ing.uniroma2.it\/index.php?rest_route=%2Fwp%2Fv2%2Fmedia&parent=70"}],"curies":[{"name":"wp","href":"https:\/\/api.w.org\/{rel}","templated":true}]}}