{"id":85,"date":"2023-04-18T15:09:17","date_gmt":"2023-04-18T13:09:17","guid":{"rendered":"https:\/\/www-2022.ambienteterritorio.ing.uniroma2.it\/?page_id=85"},"modified":"2025-06-12T15:42:33","modified_gmt":"2025-06-12T13:42:33","slug":"sbocchi-professionali","status":"publish","type":"page","link":"https:\/\/ambienteterritorio.ing.uniroma2.it\/?page_id=85","title":{"rendered":"Opportunit\u00e0 post lauream"},"content":{"rendered":"\n<p><strong>Forum Universit\u00e0 &#8211; Lavoro<\/strong><\/p>\n\n\n\n<p>l Forum Universit\u00e0-Lavoro \u00e8 un \u201c<em>Job Fair\u201d\u00a0<\/em>organizzato, da ben 27 anni, da A.L.I.T.U.R. (Associazione dei Laureati in Ingegneria di &#8220;Tor Vergata&#8221; Universit\u00e0 di Roma) all&#8217;interno della Macroarea di Ingegneria dell&#8217;Universit\u00e0 di Roma Tor Vergata. Attraverso il Forum, A.L.I.T.U.R. si pone l&#8217;obiettivo di creare opportunit\u00e0 di lavoro e di incentivare i contatti tra le Aziende e l&#8217;Universit\u00e0.\u00a0Per la qualit\u00e0 dei servizi offerti, per le\u00a0 tematiche affrontate, per il numero dei visitatori presenti, per le Aziende clienti e per la propria immagine il Forum \u00e8 divenuto ormai una delle pi\u00f9 importanti manifestazioni di \u201c<em>recruiting\u201d<\/em>\u00a0d&#8217;Italia.<\/p>\n\n\n\n<p>Quest&#8217;anno il Forum si tiene a maggio 2025.\u00a0<a href=\"https:\/\/www.alitur.org\/\" target=\"_blank\" rel=\"noreferrer noopener\">Per tutte le informazioni segui questo link<\/a><\/p>\n\n\n\n<p><strong>Placement<\/strong><\/p>\n\n\n\n<p>Sul&nbsp;<a href=\"http:\/\/placement.uniroma2.it\/\" target=\"_blank\" rel=\"noreferrer noopener\">sito dell&#8217;ufficio Placement di Ateneo<\/a>&nbsp;\u00e8 possibile reperire tutte le informazioni su stage, tirocini e formazione post-laurea.<\/p>\n","protected":false},"excerpt":{"rendered":"<p>Forum Universit\u00e0 &#8211; Lavoro l Forum Universit\u00e0-Lavoro \u00e8 un \u201cJob Fair\u201d\u00a0organizzato, da ben 27 anni, da A.L.I.T.U.R. (Associazione dei Laureati in Ingegneria di &#8220;Tor Vergata&#8221; Universit\u00e0 di Roma) all&#8217;interno della Macroarea di Ingegneria dell&#8217;Universit\u00e0 di Roma Tor Vergata. Attraverso il<\/p>\n","protected":false},"author":2,"featured_media":0,"parent":0,"menu_order":0,"comment_status":"closed","ping_status":"closed","template":"","meta":{"footnotes":""},"class_list":["post-85","page","type-page","status-publish","hentry"],"_links":{"self":[{"href":"https:\/\/ambienteterritorio.ing.uniroma2.it\/index.php?rest_route=\/wp\/v2\/pages\/85","targetHints":{"allow":["GET"]}}],"collection":[{"href":"https:\/\/ambienteterritorio.ing.uniroma2.it\/index.php?rest_route=\/wp\/v2\/pages"}],"about":[{"href":"https:\/\/ambienteterritorio.ing.uniroma2.it\/index.php?rest_route=\/wp\/v2\/types\/page"}],"author":[{"embeddable":true,"href":"https:\/\/ambienteterritorio.ing.uniroma2.it\/index.php?rest_route=\/wp\/v2\/users\/2"}],"replies":[{"embeddable":true,"href":"https:\/\/ambienteterritorio.ing.uniroma2.it\/index.php?rest_route=%2Fwp%2Fv2%2Fcomments&post=85"}],"version-history":[{"count":8,"href":"https:\/\/ambienteterritorio.ing.uniroma2.it\/index.php?rest_route=\/wp\/v2\/pages\/85\/revisions"}],"predecessor-version":[{"id":502,"href":"https:\/\/ambienteterritorio.ing.uniroma2.it\/index.php?rest_route=\/wp\/v2\/pages\/85\/revisions\/502"}],"wp:attachment":[{"href":"https:\/\/ambienteterritorio.ing.uniroma2.it\/index.php?rest_route=%2Fwp%2Fv2%2Fmedia&parent=85"}],"curies":[{"name":"wp","href":"https:\/\/api.w.org\/{rel}","templated":true}]}}